{"id":2,"date":"2021-03-18T14:57:02","date_gmt":"2021-03-18T14:57:02","guid":{"rendered":"http:\/\/jamonzar.com\/blog\/?page_id=2"},"modified":"2021-04-12T13:08:25","modified_gmt":"2021-04-12T13:08:25","slug":"pagina-ejemplo","status":"publish","type":"page","link":"https:\/\/jamonzar.com\/blog\/","title":{"rendered":"BLOG"},"content":{"rendered":"<p>[et_pb_section fb_built=\u00bb1&#8243; fullwidth=\u00bbon\u00bb _builder_version=\u00bb4.9.0&#8243; _module_preset=\u00bbdefault\u00bb][et_pb_fullwidth_header title=\u00bbJAMONZAR &#038; GRANJA SAN PASCUAL\u00bb subhead=\u00bbJam\u00f3n,  Embutidos y Carnes de cerdo\u00bb text_orientation=\u00bbright\u00bb header_fullscreen=\u00bbon\u00bb header_scroll_down=\u00bbon\u00bb _builder_version=\u00bb4.9.3&#8243; _module_preset=\u00bbdefault\u00bb title_font=\u00bbJosefin Sans|300|||||||\u00bb title_font_size=\u00bb21px\u00bb content_font=\u00bbJosefin Sans||||||||\u00bb content_font_size=\u00bb24px\u00bb content_line_height=\u00bb1.9em\u00bb subhead_font=\u00bbJosefin Sans||||||||\u00bb subhead_font_size=\u00bb44px\u00bb subhead_line_height=\u00bb2.7em\u00bb background_enable_color=\u00bboff\u00bb background_image=\u00bbhttps:\/\/jamonzar.com\/blog\/wp-content\/uploads\/2021\/04\/blog-home.jpg\u00bb title_font_size_tablet=\u00bb\u00bb title_font_size_phone=\u00bb15px\u00bb title_font_size_last_edited=\u00bbon|phone\u00bb content_font_size_tablet=\u00bb\u00bb content_font_size_phone=\u00bb\u00bb content_font_size_last_edited=\u00bbon|desktop\u00bb content_line_height_tablet=\u00bb\u00bb content_line_height_phone=\u00bb\u00bb content_line_height_last_edited=\u00bbon|desktop\u00bb subhead_font_size_tablet=\u00bb\u00bb subhead_font_size_phone=\u00bb40px\u00bb subhead_font_size_last_edited=\u00bbon|desktop\u00bb subhead_line_height_tablet=\u00bb\u00bb subhead_line_height_phone=\u00bb1.8em\u00bb subhead_line_height_last_edited=\u00bbon|desktop\u00bb text_shadow_style=\u00bbpreset3&#8243; text_shadow_horizontal_length=\u00bb0.05em\u00bb text_shadow_vertical_length=\u00bb0.19em\u00bb text_shadow_blur_strength=\u00bb0.68em\u00bb text_shadow_color=\u00bb#000000&#8243;]<\/p>\n<p>Recetas, maridajes y cocina aut\u00e9nticamente granadina,<\/p>\n<p>hechas con cerdo 100% de Granada<\/p>\n<p>[\/et_pb_fullwidth_header][\/et_pb_section][et_pb_section fb_built=\u00bb1&#8243; admin_label=\u00bbRecipes\u00bb _builder_version=\u00bb4.9.0&#8243; background_enable_image=\u00bboff\u00bb background_size=\u00bbinitial\u00bb custom_padding=\u00bb90px||90px|\u00bb][et_pb_row _builder_version=\u00bb4.9.0&#8243; custom_margin=\u00bb0px||||false|false\u00bb custom_padding=\u00bb0px||||false|false\u00bb][et_pb_column type=\u00bb4_4&#8243; _builder_version=\u00bb3.25&#8243; custom_padding=\u00bb|||\u00bb custom_padding__hover=\u00bb|||\u00bb][et_pb_text admin_label=\u00bbTitle\u00bb _builder_version=\u00bb4.9.0&#8243; text_font=\u00bbJosefin Sans||||||||\u00bb header_font=\u00bbJosefin Sans||||||||\u00bb header_2_font=\u00bbJosefin Sans|500|||||||\u00bb header_2_text_color=\u00bb#1e1e1e\u00bb header_2_font_size=\u00bb36px\u00bb text_orientation=\u00bbcenter\u00bb custom_margin=\u00bb||15px|\u00bb animation_style=\u00bbfade\u00bb]<\/p>\n<h2>Jam\u00f3n y Embutidos<\/h2>\n<p>[\/et_pb_text][et_pb_divider color=\u00bb#cccccc\u00bb divider_weight=\u00bb2px\u00bb _builder_version=\u00bb3.2&#8243; max_width=\u00bb80px\u00bb max_width_tablet=\u00bb100px\u00bb max_width_phone=\u00bb100px\u00bb max_width_last_edited=\u00bboff|desktop\u00bb module_alignment=\u00bbcenter\u00bb animation_style=\u00bbfade\u00bb][\/et_pb_divider][\/et_pb_column][\/et_pb_row][et_pb_row column_structure=\u00bb1_2,1_2&#8243; use_custom_gutter=\u00bbon\u00bb gutter_width=\u00bb4&#8243; make_equal=\u00bbon\u00bb _builder_version=\u00bb4.9.0&#8243; width=\u00bb60%\u00bb custom_padding=\u00bb0px||0px||false|false\u00bb][et_pb_column type=\u00bb1_2&#8243; _builder_version=\u00bb4.9.0&#8243; custom_padding=\u00bb|||\u00bb custom_padding__hover=\u00bb|||\u00bb][et_pb_blurb title=\u00bbRecetas con Jam\u00f3n y Embutidos\u00bb url=\u00bbhttps:\/\/jamonzar.com\/blog\/category\/jamon-embutidos\/recetas\/\u00bb image=\u00bbhttps:\/\/jamonzar.com\/blog\/wp-content\/uploads\/2021\/04\/recetas-jamon.jpg\u00bb _builder_version=\u00bb4.9.0&#8243; header_level=\u00bbh3&#8243; header_font=\u00bbJosefin Sans||||||||\u00bb header_font_size=\u00bb24px\u00bb body_font=\u00bbJosefin Sans|500|||||||\u00bb body_line_height=\u00bb3.5em\u00bb text_orientation=\u00bbcenter\u00bb animation_style=\u00bbfade\u00bb link_option_url=\u00bbhttps:\/\/jamonzar.com\/blog\/category\/jamon-embutidos\/recetas\/\u00bb body_font_size_tablet=\u00bb\u00bb body_font_size_phone=\u00bb\u00bb body_font_size_last_edited=\u00bbon|desktop\u00bb body_line_height_tablet=\u00bb\u00bb body_line_height_phone=\u00bb\u00bb body_line_height_last_edited=\u00bbon|desktop\u00bb]<\/p>\n<p><a href=\"https:\/\/jamonzar.com\/blog\/category\/jamon-embutidos\/recetas\/\" title=\"Ver recetas\">Ver recetas<\/a><\/p>\n<p>&nbsp;<\/p>\n<p>[\/et_pb_blurb][\/et_pb_column][et_pb_column type=\u00bb1_2&#8243; _builder_version=\u00bb3.25&#8243; custom_padding=\u00bb|||\u00bb custom_padding__hover=\u00bb|||\u00bb][et_pb_blurb title=\u00bbTodo sobre el jam\u00f3n\u00bb url=\u00bbhttps:\/\/jamonzar.com\/blog\/category\/jamon-embutidos\/todo-sobre-el-jamon\/\u00bb image=\u00bbhttps:\/\/jamonzar.com\/blog\/wp-content\/uploads\/2021\/04\/embitidos-y-vino.jpg\u00bb _builder_version=\u00bb4.9.3&#8243; header_level=\u00bbh3&#8243; header_font=\u00bbJosefin Sans||||||||\u00bb header_font_size=\u00bb24px\u00bb body_font=\u00bbJosefin Sans|500|||||||\u00bb body_line_height=\u00bb3.5em\u00bb text_orientation=\u00bbcenter\u00bb custom_padding_tablet=\u00bb0px||||false|false\u00bb custom_padding_phone=\u00bb\u00bb custom_padding_last_edited=\u00bbon|tablet\u00bb animation_style=\u00bbfade\u00bb link_option_url=\u00bbhttps:\/\/jamonzar.com\/blog\/category\/jamon-embutidos\/todo-sobre-el-jamon\/\u00bb body_font_size_tablet=\u00bb\u00bb body_font_size_phone=\u00bb\u00bb body_font_size_last_edited=\u00bbon|desktop\u00bb body_line_height_tablet=\u00bb\u00bb body_line_height_phone=\u00bb\u00bb body_line_height_last_edited=\u00bbon|desktop\u00bb]<\/p>\n<p><a href=\"https:\/\/jamonzar.com\/blog\/category\/jamon-embutidos\/todo-sobre-el-jamon\/\" title=\"Forma parte\">Forma parte<\/a><\/p>\n<p>&nbsp;<\/p>\n<p>[\/et_pb_blurb][\/et_pb_column][\/et_pb_row][et_pb_row use_custom_gutter=\u00bbon\u00bb make_equal=\u00bbon\u00bb _builder_version=\u00bb4.9.0&#8243; _module_preset=\u00bbdefault\u00bb width=\u00bb60%\u00bb custom_padding=\u00bb0px||0px||false|false\u00bb][et_pb_column type=\u00bb4_4&#8243; _builder_version=\u00bb4.9.0&#8243; _module_preset=\u00bbdefault\u00bb][et_pb_post_slider include_categories=\u00bb4&#8243; show_meta=\u00bboff\u00bb use_bg_overlay=\u00bboff\u00bb use_text_overlay=\u00bbon\u00bb text_overlay_color=\u00bbrgba(0,0,0,0.69)\u00bb text_border_radius=\u00bb0px\u00bb _builder_version=\u00bb4.9.0&#8243; _module_preset=\u00bbdefault\u00bb header_font=\u00bbJosefin Sans||||||||\u00bb body_font=\u00bbJosefin Sans||||||||\u00bb body_line_height=\u00bb1.8em\u00bb background_color=\u00bbrgba(188,128,49,0.47)\u00bb custom_button=\u00bbon\u00bb button_bg_color=\u00bbrgba(0,0,0,0.52)\u00bb button_border_width=\u00bb1px\u00bb button_border_color=\u00bb#FFFFFF\u00bb button_border_radius=\u00bb0px\u00bb button_font=\u00bbJosefin Sans||||||||\u00bb body_font_size_tablet=\u00bb\u00bb body_font_size_phone=\u00bb\u00bb body_font_size_last_edited=\u00bbon|desktop\u00bb body_line_height_tablet=\u00bb\u00bb body_line_height_phone=\u00bb\u00bb body_line_height_last_edited=\u00bbon|desktop\u00bb][\/et_pb_post_slider][\/et_pb_column][\/et_pb_row][\/et_pb_section][et_pb_section fb_built=\u00bb1&#8243; admin_label=\u00bbMeal Plans\u00bb _builder_version=\u00bb4.9.0&#8243; background_color=\u00bb#f9f2f2&#8243; background_image=\u00bbhttps:\/\/jamonzar.com\/blog\/wp-content\/uploads\/2021\/04\/gastronimia-granadina.jpg\u00bb parallax=\u00bbon\u00bb parallax_method=\u00bboff\u00bb custom_margin=\u00bb|||\u00bb custom_padding=\u00bb8%|0px|8%|0px\u00bb][et_pb_row _builder_version=\u00bb3.25&#8243;][et_pb_column type=\u00bb4_4&#8243; _builder_version=\u00bb3.25&#8243; custom_padding=\u00bb|||\u00bb custom_padding__hover=\u00bb|||\u00bb][et_pb_cta title=\u00bbGastronom\u00eda granadina\u00bb button_url=\u00bbhttps:\/\/jamonzar.com\/blog\/category\/gastronomia-en-granada\/\u00bb button_text=\u00bbLo mejor del cerdo San Pascual de Granada\u00bb _builder_version=\u00bb4.9.0&#8243; header_font=\u00bbJosefin Sans|600|||||||\u00bb header_font_size=\u00bb50px\u00bb header_line_height=\u00bb1.4em\u00bb body_font=\u00bbJosefin Sans||||||||\u00bb body_font_size=\u00bb20px\u00bb body_line_height=\u00bb1.8em\u00bb background_color=\u00bb#ffffff\u00bb custom_button=\u00bbon\u00bb button_text_size=\u00bb14px\u00bb button_text_color=\u00bb#ffffff\u00bb button_bg_color=\u00bb#bc8031&#8243; button_border_width=\u00bb8px\u00bb button_border_color=\u00bb#bc8031&#8243; button_border_radius=\u00bb0px\u00bb button_font=\u00bbMontserrat|||on|||||\u00bb button_use_icon=\u00bboff\u00bb background_layout=\u00bblight\u00bb custom_padding=\u00bb60px||60px|\u00bb custom_padding_tablet=\u00bb\u00bb custom_padding_phone=\u00bb\u00bb custom_padding_last_edited=\u00bbon|desktop\u00bb animation_style=\u00bbfold\u00bb animation_direction=\u00bbbottom\u00bb animation_intensity_fold=\u00bb10%\u00bb animation_starting_opacity=\u00bb100%\u00bb link_option_url=\u00bbhttps:\/\/jamonzar.com\/blog\/category\/gastronomia-en-granada\/\u00bb header_font_size_tablet=\u00bb\u00bb header_font_size_phone=\u00bb39px\u00bb header_font_size_last_edited=\u00bbon|phone\u00bb button_text_size__hover_enabled=\u00bboff\u00bb button_one_text_size__hover_enabled=\u00bboff\u00bb button_two_text_size__hover_enabled=\u00bboff\u00bb button_text_color__hover_enabled=\u00bboff\u00bb button_one_text_color__hover_enabled=\u00bboff\u00bb button_two_text_color__hover_enabled=\u00bboff\u00bb button_border_width__hover_enabled=\u00bboff\u00bb button_one_border_width__hover_enabled=\u00bboff\u00bb button_two_border_width__hover_enabled=\u00bboff\u00bb button_border_color__hover_enabled=\u00bboff\u00bb button_one_border_color__hover_enabled=\u00bboff\u00bb button_two_border_color__hover_enabled=\u00bboff\u00bb button_border_radius__hover_enabled=\u00bboff\u00bb button_one_border_radius__hover_enabled=\u00bboff\u00bb button_two_border_radius__hover_enabled=\u00bboff\u00bb button_letter_spacing__hover_enabled=\u00bboff\u00bb button_one_letter_spacing__hover_enabled=\u00bboff\u00bb button_two_letter_spacing__hover_enabled=\u00bboff\u00bb button_bg_color__hover_enabled=\u00bboff\u00bb button_one_bg_color__hover_enabled=\u00bboff\u00bb button_two_bg_color__hover_enabled=\u00bboff\u00bb]<\/p>\n<p>La gastronom\u00eda forma parte de nuestra vida, de nuestra cultura y de nuestra tierra. M\u00e1s que una dieta, es un estilo de vida, y como a ti, a nosotros solo nos gusta lo mejor.<\/p>\n<p>[\/et_pb_cta][\/et_pb_column][\/et_pb_row][\/et_pb_section][et_pb_section fb_built=\u00bb1&#8243; admin_label=\u00bbRecipes\u00bb _builder_version=\u00bb4.9.0&#8243; background_enable_image=\u00bboff\u00bb background_size=\u00bbinitial\u00bb custom_padding=\u00bb90px||90px|\u00bb][et_pb_row _builder_version=\u00bb4.9.0&#8243; custom_margin=\u00bb|||\u00bb custom_padding=\u00bb0px||||false|false\u00bb][et_pb_column type=\u00bb4_4&#8243; _builder_version=\u00bb3.25&#8243; custom_padding=\u00bb|||\u00bb custom_padding__hover=\u00bb|||\u00bb][et_pb_text admin_label=\u00bbTitle\u00bb _builder_version=\u00bb4.9.0&#8243; text_font=\u00bbJosefin Sans||||||||\u00bb header_font=\u00bbJosefin Sans||||||||\u00bb header_2_font=\u00bbJosefin Sans|500|||||||\u00bb header_2_text_color=\u00bb#1e1e1e\u00bb header_2_font_size=\u00bb36px\u00bb text_orientation=\u00bbcenter\u00bb custom_margin=\u00bb||15px|\u00bb animation_style=\u00bbfade\u00bb]<\/p>\n<h2>Carne Fresca<\/h2>\n<p>[\/et_pb_text][et_pb_divider color=\u00bb#cccccc\u00bb divider_weight=\u00bb2px\u00bb _builder_version=\u00bb3.2&#8243; max_width=\u00bb80px\u00bb max_width_tablet=\u00bb100px\u00bb max_width_phone=\u00bb100px\u00bb max_width_last_edited=\u00bboff|desktop\u00bb module_alignment=\u00bbcenter\u00bb animation_style=\u00bbfade\u00bb][\/et_pb_divider][\/et_pb_column][\/et_pb_row][et_pb_row column_structure=\u00bb1_2,1_2&#8243; use_custom_gutter=\u00bbon\u00bb gutter_width=\u00bb4&#8243; make_equal=\u00bbon\u00bb _builder_version=\u00bb4.9.0&#8243; width=\u00bb60%\u00bb custom_padding=\u00bb0px||0px||false|false\u00bb][et_pb_column type=\u00bb1_2&#8243; _builder_version=\u00bb4.9.0&#8243; custom_padding=\u00bb|||\u00bb custom_padding__hover=\u00bb|||\u00bb][et_pb_blurb title=\u00bbRecetas con carne de cerdo\u00bb url=\u00bbhttps:\/\/jamonzar.com\/blog\/category\/carne-fresca\/recetas-carne-fresca\/\u00bb image=\u00bbhttps:\/\/jamonzar.com\/blog\/wp-content\/uploads\/2021\/04\/recetas-con-carne-de-cerdo.jpg\u00bb _builder_version=\u00bb4.9.0&#8243; header_level=\u00bbh3&#8243; header_font=\u00bbJosefin Sans||||||||\u00bb header_font_size=\u00bb24px\u00bb body_font=\u00bbJosefin Sans|500|||||||\u00bb body_line_height=\u00bb3.5em\u00bb text_orientation=\u00bbcenter\u00bb animation_style=\u00bbfade\u00bb link_option_url=\u00bbhttps:\/\/jamonzar.com\/blog\/category\/carne-fresca\/recetas-carne-fresca\/\u00bb body_font_size_tablet=\u00bb\u00bb body_font_size_phone=\u00bb\u00bb body_font_size_last_edited=\u00bbon|desktop\u00bb body_line_height_tablet=\u00bb\u00bb body_line_height_phone=\u00bb\u00bb body_line_height_last_edited=\u00bbon|desktop\u00bb]<\/p>\n<p><a href=\"https:\/\/jamonzar.com\/blog\/category\/carne-fresca\/recetas-carne-fresca\/\" title=\"Ver recetas\">Ver recetas<\/a><\/p>\n<p>&nbsp;<\/p>\n<p>[\/et_pb_blurb][\/et_pb_column][et_pb_column type=\u00bb1_2&#8243; _builder_version=\u00bb3.25&#8243; custom_padding=\u00bb|||\u00bb custom_padding__hover=\u00bb|||\u00bb][et_pb_blurb title=\u00bbCerdo y nutrici\u00f3n\u00bb url=\u00bbhttps:\/\/jamonzar.com\/blog\/category\/carne-fresca\/cerdo-y-nutricion\/\u00bb image=\u00bbhttps:\/\/jamonzar.com\/blog\/wp-content\/uploads\/2021\/04\/cerdito.jpg\u00bb _builder_version=\u00bb4.9.3&#8243; header_level=\u00bbh3&#8243; header_font=\u00bbJosefin Sans||||||||\u00bb header_font_size=\u00bb24px\u00bb body_font=\u00bbJosefin Sans|500|||||||\u00bb body_line_height=\u00bb3.5em\u00bb text_orientation=\u00bbcenter\u00bb animation_style=\u00bbfade\u00bb link_option_url=\u00bbhttps:\/\/jamonzar.com\/blog\/category\/carne-fresca\/cerdo-y-nutricion\/\u00bb body_font_size_tablet=\u00bb\u00bb body_font_size_phone=\u00bb\u00bb body_font_size_last_edited=\u00bbon|desktop\u00bb body_line_height_tablet=\u00bb\u00bb body_line_height_phone=\u00bb\u00bb body_line_height_last_edited=\u00bbon|desktop\u00bb]<\/p>\n<p><a href=\"https:\/\/jamonzar.com\/blog\/category\/carne-fresca\/cerdo-y-nutricion\/\" title=\"Conoce sus cuidados\">Conoce sus cuidados<\/a><\/p>\n<p>&nbsp;<\/p>\n<p>[\/et_pb_blurb][\/et_pb_column][\/et_pb_row][et_pb_row use_custom_gutter=\u00bbon\u00bb make_equal=\u00bbon\u00bb _builder_version=\u00bb4.9.0&#8243; _module_preset=\u00bbdefault\u00bb width=\u00bb60%\u00bb custom_padding=\u00bb0px||0px||false|false\u00bb][et_pb_column type=\u00bb4_4&#8243; _builder_version=\u00bb4.9.0&#8243; _module_preset=\u00bbdefault\u00bb][et_pb_post_slider include_categories=\u00bb1&#8243; show_meta=\u00bboff\u00bb use_bg_overlay=\u00bboff\u00bb use_text_overlay=\u00bbon\u00bb text_overlay_color=\u00bbrgba(0,0,0,0.69)\u00bb text_border_radius=\u00bb0px\u00bb _builder_version=\u00bb4.9.0&#8243; _module_preset=\u00bbdefault\u00bb header_font=\u00bbJosefin Sans||||||||\u00bb body_font=\u00bbJosefin Sans||||||||\u00bb body_line_height=\u00bb1.8em\u00bb background_color=\u00bbrgba(188,128,49,0.47)\u00bb custom_button=\u00bbon\u00bb button_bg_color=\u00bbrgba(0,0,0,0.52)\u00bb button_border_width=\u00bb1px\u00bb button_border_radius=\u00bb0px\u00bb button_font=\u00bbJosefin Sans||||||||\u00bb body_font_size_tablet=\u00bb\u00bb body_font_size_phone=\u00bb\u00bb body_font_size_last_edited=\u00bbon|desktop\u00bb body_line_height_tablet=\u00bb\u00bb body_line_height_phone=\u00bb\u00bb body_line_height_last_edited=\u00bbon|desktop\u00bb][\/et_pb_post_slider][\/et_pb_column][\/et_pb_row][\/et_pb_section][et_pb_section fb_built=\u00bb1&#8243; admin_label=\u00bbFeatured Recipe Section\u00bb _builder_version=\u00bb4.9.0&#8243; background_image=\u00bbhttps:\/\/jamonzar.com\/blog\/wp-content\/uploads\/2021\/04\/granja-san-pascual.jpg\u00bb custom_padding=\u00bb90px|0px|90px|0px\u00bb][et_pb_row column_structure=\u00bb1_2,1_2&#8243; _builder_version=\u00bb3.25&#8243; custom_margin=\u00bb|||\u00bb custom_padding=\u00bb|||\u00bb animation_style=\u00bbfade\u00bb][et_pb_column type=\u00bb1_2&#8243; _builder_version=\u00bb3.25&#8243; custom_padding=\u00bb|||\u00bb custom_padding__hover=\u00bb|||\u00bb][\/et_pb_column][et_pb_column type=\u00bb1_2&#8243; _builder_version=\u00bb3.25&#8243; background_color=\u00bb#ffffff\u00bb custom_padding=\u00bb30px|45px|30px|45px\u00bb custom_padding_tablet=\u00bb\u00bb custom_padding_phone=\u00bb30px|30px|30px|30px\u00bb custom_padding_last_edited=\u00bbon|desktop\u00bb padding_phone=\u00bb30px|30px|30px|30px\u00bb padding_last_edited=\u00bbon|desktop\u00bb custom_padding__hover=\u00bb|||\u00bb][et_pb_text _builder_version=\u00bb4.9.0&#8243; text_font=\u00bbMontserrat|500||on|||||\u00bb text_text_color=\u00bb#bc8031&#8243; text_font_size=\u00bb12px\u00bb custom_margin=\u00bb|||\u00bb animation_style=\u00bbfade\u00bb]<\/p>\n<p>Granja San Pascual<\/p>\n<p>[\/et_pb_text][et_pb_text _builder_version=\u00bb4.9.0&#8243; header_font=\u00bb||||||||\u00bb header_2_font=\u00bbJosefin Sans|600|||||||\u00bb header_2_text_color=\u00bb#1e1e1&#8243; header_2_font_size=\u00bb36px\u00bb header_2_line_height=\u00bb1.3em\u00bb animation_style=\u00bbfade\u00bb link_option_url=\u00bbhttps:\/\/jamonzar.com\/blog\/category\/noticias\/\u00bb]<\/p>\n<h2>NOTICIAS<\/h2>\n<p>[\/et_pb_text][et_pb_text _builder_version=\u00bb4.9.0&#8243; text_font=\u00bbJosefin Sans|500|||||||\u00bb text_text_color=\u00bb#1e1e1e\u00bb text_font_size=\u00bb20px\u00bb text_line_height=\u00bb1.8em\u00bb animation_style=\u00bbfade\u00bb]<\/p>\n<p>Lorem ipsum dolor sit amet, consectetur adipiscing elit, sed do eiusmod tempor incididunt ut .labore et dolore magna aliqua. Ut enim ad minim veniam.<\/p>\n<p>[\/et_pb_text][et_pb_button button_url=\u00bbhttps:\/\/jamonzar.com\/blog\/category\/noticias\/\u00bb button_text=\u00bbVer actualidad\u00bb button_alignment=\u00bbright\u00bb _builder_version=\u00bb4.9.0&#8243; custom_button=\u00bbon\u00bb button_text_size=\u00bb14px\u00bb button_bg_color=\u00bb#bc8031&#8243; button_border_width=\u00bb8px\u00bb button_border_color=\u00bb#bc8031&#8243; button_border_radius=\u00bb0px\u00bb button_font=\u00bbMontserrat|500||on|||||\u00bb button_use_icon=\u00bboff\u00bb background_layout=\u00bbdark\u00bb animation_style=\u00bbfade\u00bb button_text_size__hover_enabled=\u00bboff\u00bb button_one_text_size__hover_enabled=\u00bboff\u00bb button_two_text_size__hover_enabled=\u00bboff\u00bb button_text_color__hover_enabled=\u00bboff\u00bb button_one_text_color__hover_enabled=\u00bboff\u00bb button_two_text_color__hover_enabled=\u00bboff\u00bb button_border_width__hover_enabled=\u00bboff\u00bb button_one_border_width__hover_enabled=\u00bboff\u00bb button_two_border_width__hover_enabled=\u00bboff\u00bb button_border_color__hover_enabled=\u00bboff\u00bb button_one_border_color__hover_enabled=\u00bboff\u00bb button_two_border_color__hover_enabled=\u00bboff\u00bb button_border_radius__hover_enabled=\u00bboff\u00bb button_one_border_radius__hover_enabled=\u00bboff\u00bb button_two_border_radius__hover_enabled=\u00bboff\u00bb button_letter_spacing__hover_enabled=\u00bboff\u00bb button_one_letter_spacing__hover_enabled=\u00bboff\u00bb button_two_letter_spacing__hover_enabled=\u00bboff\u00bb button_bg_color__hover_enabled=\u00bboff\u00bb button_one_bg_color__hover_enabled=\u00bboff\u00bb button_two_bg_color__hover_enabled=\u00bboff\u00bb][\/et_pb_button][\/et_pb_column][\/et_pb_row][\/et_pb_section][et_pb_section fb_built=\u00bb1&#8243; admin_label=\u00bbSubscribe\u00bb _builder_version=\u00bb4.9.0&#8243; background_color=\u00bbrgba(0,0,0,0.87)\u00bb background_enable_image=\u00bboff\u00bb background_size=\u00bbcontain\u00bb custom_padding=\u00bb91px|0px|90px|0px\u00bb][et_pb_row _builder_version=\u00bb4.9.0&#8243;][et_pb_column type=\u00bb4_4&#8243; _builder_version=\u00bb3.25&#8243; custom_padding=\u00bb|||\u00bb custom_padding__hover=\u00bb|||\u00bb][et_pb_signup mailchimp_list=\u00bbJamonzar|efe9feafc3&#8243; first_name_field=\u00bboff\u00bb last_name_field=\u00bboff\u00bb title=\u00bb\u00bfQuieres recibir nuestras \u00faltimas noticias sobre productos o recetas?\u00bb button_text=\u00bbEnviar\u00bb description=\u00bb<\/p>\n<p><strong>Al suscribirte aceptas la pol\u00edtica de privacidad de Jamonzar. Puedes consultarla <a href=%22https:\/\/jamonzar.com\/blog\/politica-privacidad\/%22 title=%22Pol\u00edtica de Privacidad%22>aqu\u00ed<\/a><\/strong><\/p>\n<p>\u00bb use_spam_service=\u00bbon\u00bb recaptcha_list=\u00bbadd_new_account\u00bb _builder_version=\u00bb4.9.3&#8243; form_field_background_color=\u00bb#ffffff\u00bb form_field_text_color=\u00bb#ffffff\u00bb form_field_focus_background_color=\u00bb#ffffff\u00bb form_field_focus_text_color=\u00bb#ffffff\u00bb header_font=\u00bbJosefin Sans|500|||||||\u00bb header_text_color=\u00bb#FFFFFF\u00bb header_font_size=\u00bb31px\u00bb header_line_height=\u00bb1.3em\u00bb body_font=\u00bbJosefin Sans||||||||\u00bb body_text_align=\u00bbleft\u00bb result_message_font=\u00bb||||||||\u00bb result_message_text_color=\u00bb#717baf\u00bb use_background_color=\u00bboff\u00bb custom_button=\u00bbon\u00bb button_text_size=\u00bb14px\u00bb button_text_color=\u00bb#ffffff\u00bb button_bg_color=\u00bb#bc8031&#8243; button_border_width=\u00bb8px\u00bb button_border_color=\u00bb#bc8031&#8243; button_border_radius=\u00bb0px\u00bb button_font=\u00bbJosefin Sans|500||on|||||\u00bb button_use_icon=\u00bboff\u00bb text_orientation=\u00bbcenter\u00bb background_layout=\u00bblight\u00bb hover_enabled=\u00bb0&#8243; header_font_size_tablet=\u00bb26px\u00bb header_font_size_phone=\u00bb\u00bb header_font_size_last_edited=\u00bbon|desktop\u00bb body_font_size_tablet=\u00bb17px\u00bb body_font_size_phone=\u00bb\u00bb body_font_size_last_edited=\u00bbon|desktop\u00bb border_radii_fields=\u00bbon||||\u00bb border_width_all_fields=\u00bb1px\u00bb border_color_all_fields=\u00bb#b5b5b5&#8243; focus_background_color=\u00bb#ffffff\u00bb focus_text_color=\u00bb#ffffff\u00bb button_text_size__hover_enabled=\u00bboff\u00bb button_one_text_size__hover_enabled=\u00bboff\u00bb button_two_text_size__hover_enabled=\u00bboff\u00bb button_text_color__hover_enabled=\u00bboff\u00bb button_one_text_color__hover_enabled=\u00bboff\u00bb button_two_text_color__hover_enabled=\u00bboff\u00bb button_border_width__hover_enabled=\u00bboff\u00bb button_one_border_width__hover_enabled=\u00bboff\u00bb button_two_border_width__hover_enabled=\u00bboff\u00bb button_border_color__hover_enabled=\u00bboff\u00bb button_one_border_color__hover_enabled=\u00bboff\u00bb button_two_border_color__hover_enabled=\u00bboff\u00bb button_border_radius__hover_enabled=\u00bboff\u00bb button_one_border_radius__hover_enabled=\u00bboff\u00bb button_two_border_radius__hover_enabled=\u00bboff\u00bb button_letter_spacing__hover_enabled=\u00bboff\u00bb button_one_letter_spacing__hover_enabled=\u00bboff\u00bb button_two_letter_spacing__hover_enabled=\u00bboff\u00bb button_bg_color__hover_enabled=\u00bboff\u00bb button_one_bg_color__hover_enabled=\u00bboff\u00bb button_two_bg_color__hover_enabled=\u00bboff\u00bb sticky_enabled=\u00bb0&#8243;][\/et_pb_signup][\/et_pb_column][\/et_pb_row][\/et_pb_section]<\/p>\n","protected":false},"excerpt":{"rendered":"<p>Recetas, maridajes y cocina aut\u00e9nticamente granadina, hechas con cerdo 100% de GranadaJam\u00f3n y EmbutidosVer recetas &nbsp;Forma parte &nbsp;La gastronom\u00eda forma parte de nuestra vida, de nuestra cultura y de nuestra tierra. M\u00e1s que una dieta, es un estilo de vida, y como a ti, a nosotros solo nos gusta lo mejor.Carne FrescaVer recetas &nbsp;Conoce sus [&hellip;]<\/p>\n","protected":false},"author":1,"featured_media":0,"parent":0,"menu_order":0,"comment_status":"closed","ping_status":"open","template":"","meta":{"_et_pb_use_builder":"on","_et_pb_old_content":"<!-- wp:paragraph -->\n<p>Esta es una p\u00e1gina de ejemplo. Es diferente a una entrada del blog porque permanecer\u00e1 en un solo lugar y aparecer\u00e1 en la navegaci\u00f3n de tu sitio (en la mayor\u00eda de los temas). La mayor\u00eda de las personas comienzan con una p\u00e1gina \u00abAcerca de\u00bb que les presenta a los visitantes potenciales del sitio. Podr\u00edas decir algo as\u00ed:<\/p>\n<!-- \/wp:paragraph -->\n\n<!-- wp:quote -->\n<blockquote class=\"wp-block-quote\"><p>\u00a1Bienvenido! Soy camarero de d\u00eda, aspirante a actor de noche y esta es mi web. Vivo en Mairena del Alcor, tengo un perro que se llama Firulais y me gusta el rebujito. (Y las tardes largas con caf\u00e9).<\/p><\/blockquote>\n<!-- \/wp:quote -->\n\n<!-- wp:paragraph -->\n<p>\u2026o algo as\u00ed:<\/p>\n<!-- \/wp:paragraph -->\n\n<!-- wp:quote -->\n<blockquote class=\"wp-block-quote\"><p>La empresa \u00abMariscos Recio\u00bb fue fundada por Antonio Recio Mata. Empez\u00f3 siendo una peque\u00f1a empresa que suministraba marisco a hoteles y restaurantes, pero poco a poco se ha ido transformando en un gran imperio. Mariscos Recio, el mar al mejor precio.<\/p><\/blockquote>\n<!-- \/wp:quote -->\n\n<!-- wp:paragraph -->\n<p>Como nuevo usuario de WordPress, deber\u00edas ir a <a href=\"http:\/\/jamonzar.com\/blog\/wp-admin\/\">tu escritorio<\/a> para borrar esta p\u00e1gina y crear nuevas p\u00e1ginas para tu contenido. \u00a1P\u00e1salo bien!<\/p>\n<!-- \/wp:paragraph -->","_et_gb_content_width":"1280","footnotes":""},"class_list":["post-2","page","type-page","status-publish","hentry"],"_links":{"self":[{"href":"https:\/\/jamonzar.com\/blog\/wp-json\/wp\/v2\/pages\/2","targetHints":{"allow":["GET"]}}],"collection":[{"href":"https:\/\/jamonzar.com\/blog\/wp-json\/wp\/v2\/pages"}],"about":[{"href":"https:\/\/jamonzar.com\/blog\/wp-json\/wp\/v2\/types\/page"}],"author":[{"embeddable":true,"href":"https:\/\/jamonzar.com\/blog\/wp-json\/wp\/v2\/users\/1"}],"replies":[{"embeddable":true,"href":"https:\/\/jamonzar.com\/blog\/wp-json\/wp\/v2\/comments?post=2"}],"version-history":[{"count":56,"href":"https:\/\/jamonzar.com\/blog\/wp-json\/wp\/v2\/pages\/2\/revisions"}],"predecessor-version":[{"id":483,"href":"https:\/\/jamonzar.com\/blog\/wp-json\/wp\/v2\/pages\/2\/revisions\/483"}],"wp:attachment":[{"href":"https:\/\/jamonzar.com\/blog\/wp-json\/wp\/v2\/media?parent=2"}],"curies":[{"name":"wp","href":"https:\/\/api.w.org\/{rel}","templated":true}]}}